{"id":2138,"date":"2021-06-02T12:11:46","date_gmt":"2021-06-02T10:11:46","guid":{"rendered":"https:\/\/lifethink.eu\/ikarosvillage\/home\/"},"modified":"2025-12-08T11:59:16","modified_gmt":"2025-12-08T09:59:16","slug":"home","status":"publish","type":"page","link":"https:\/\/www.ikarosvillage.gr\/fr\/","title":{"rendered":"Accueil"},"content":{"rendered":"<p>Que vous r\u00eaviez d\u2019une escapade pour vous ressourcer et vous retremper l\u2019\u00e2me, vous adonner \u00e0 des activit\u00e9s et d\u00e9couvrir une cuisine raffin\u00e9e ou vous \u00e9chapper pour une balade romantique, ne cherchez pas plus loin : le <strong>Ikaros\u00a0Beach Luxury Resort &amp; Spa<\/strong> vous attend. R\u00e9serv\u00e9 aux adultes, notre complexe offre un espace idyllique o\u00f9 savourer des vacances en toute tranquillit\u00e9. Notre atmosph\u00e8re chaleureuse, notre service attentionn\u00e9, nos \u00e9quipements de qualit\u00e9 et l&rsquo;alliance de la tradition, de l&rsquo;hospitalit\u00e9 et d&rsquo;une \u00e9l\u00e9gante simplicit\u00e9 cr\u00e9ent le d\u00e9cor parfait pour des vacances de r\u00eave.<\/p>\n<p>La Cr\u00e8te a une tradition s\u00e9culaire d&rsquo;hospitalit\u00e9 exceptionnelle, un h\u00e9ritage transmis de g\u00e9n\u00e9ration en g\u00e9n\u00e9ration. Incarnant cette charmante tradition, le Ikaros Beach Luxury Resort &amp; Spa est extr\u00eamement fier d&rsquo;offrir l\u2019exp\u00e9rience client par excellence. En tant que complexe exclusivement r\u00e9serv\u00e9 aux adultes, nous faisons un effort suppl\u00e9mentaire pour garantir que votre s\u00e9jour soit tout \u00e0 la fois confortable, reposant et tout simplement inoubliable. Impr\u00e9gnez-vous de la riche culture et de la beaut\u00e9 de l\u2019\u00eele de Cr\u00e8te pendant que nous r\u00e9pondrons \u00e0 tous vos besoins dans une atmosph\u00e8re raffin\u00e9e et paisible r\u00e9serv\u00e9e exclusivement aux adultes.<\/p>\n","protected":false},"excerpt":{"rendered":"<p>Que vous r\u00eaviez d\u2019une escapade pour vous ressourcer et vous retremper l\u2019\u00e2me, vous adonner \u00e0 des activit\u00e9s et d\u00e9couvrir une cuisine raffin\u00e9e ou vous \u00e9chapper pour une balade romantique, ne cherchez pas plus loin : le Ikaros\u00a0Beach Luxury Resort &amp;&hellip;<\/p>\n","protected":false},"author":1,"featured_media":0,"parent":0,"menu_order":0,"comment_status":"closed","ping_status":"closed","template":"kobo\/home.php","meta":{"_acf_changed":false,"footnotes":""},"class_list":["post-2138","page","type-page","status-publish","hentry","entry","no-media"],"acf":[],"aioseo_notices":[],"_links":{"self":[{"href":"https:\/\/www.ikarosvillage.gr\/fr\/wp-json\/wp\/v2\/pages\/2138","targetHints":{"allow":["GET"]}}],"collection":[{"href":"https:\/\/www.ikarosvillage.gr\/fr\/wp-json\/wp\/v2\/pages"}],"about":[{"href":"https:\/\/www.ikarosvillage.gr\/fr\/wp-json\/wp\/v2\/types\/page"}],"author":[{"embeddable":true,"href":"https:\/\/www.ikarosvillage.gr\/fr\/wp-json\/wp\/v2\/users\/1"}],"replies":[{"embeddable":true,"href":"https:\/\/www.ikarosvillage.gr\/fr\/wp-json\/wp\/v2\/comments?post=2138"}],"version-history":[{"count":28,"href":"https:\/\/www.ikarosvillage.gr\/fr\/wp-json\/wp\/v2\/pages\/2138\/revisions"}],"predecessor-version":[{"id":4387,"href":"https:\/\/www.ikarosvillage.gr\/fr\/wp-json\/wp\/v2\/pages\/2138\/revisions\/4387"}],"wp:attachment":[{"href":"https:\/\/www.ikarosvillage.gr\/fr\/wp-json\/wp\/v2\/media?parent=2138"}],"curies":[{"name":"wp","href":"https:\/\/api.w.org\/{rel}","templated":true}]}}