{"id":2117,"date":"2021-06-02T13:19:33","date_gmt":"2021-06-02T11:19:33","guid":{"rendered":"https:\/\/lifethink.eu\/ikarosvillage\/location\/"},"modified":"2025-04-26T12:36:37","modified_gmt":"2025-04-26T10:36:37","slug":"location","status":"publish","type":"page","link":"https:\/\/www.ikarosvillage.gr\/fr\/location\/","title":{"rendered":"Emplacement"},"content":{"rendered":"<p>La Cr\u00e8te &#8211; l&rsquo;une des plus grandes \u00eeles de la mer M\u00e9diterran\u00e9enne et la plus grande de Gr\u00e8ce &#8211; attire des milliers de visiteurs venus de partout jour apr\u00e8s jour pour admirer son charme grec. La ligne coti\u00e8re de la Cr\u00e8te s\u2019\u00e9tire sur plus de mille kilom\u00e8tres de long avec des rives nich\u00e9es dans les eaux cristallines de la mer de Cr\u00e8te et de la mer de Libye tandis que la masse de la terre est divis\u00e9e en quatre r\u00e9gions d&rsquo;H\u00e9raklion, Lassithi, Rethymno et Chania. En raison de la situation g\u00e9ographique de l&rsquo;\u00eele et le climat m\u00e9diterran\u00e9en agr\u00e9ablement chaud avec des hivers doux et de la neige qui ne peut \u00eatre trouv\u00e9e que dans les montagnes, les vall\u00e9es et les collines sont le foyer agricole des cuisines cr\u00e9toises gr\u00e2ce \u00e0 la riche v\u00e9g\u00e9tation produite par son sol fertile. Alors que les olives, les figues, les poires, les amandes, les ch\u00e2taignes, les caroubes et les agrumes accroissent la valeur agricole des terres, la Cr\u00e8te accueille aussi sur ses terres la fleur Kastrios, l&rsquo;une des 2000 esp\u00e8ces de plantes sur l&rsquo;\u00eele, qui ne pousse qu\u2019en Cr\u00e8te et nulle part ailleurs.<\/p>\n<p>La Cr\u00e8te est un m\u00e9lange complexe de la nature, des tr\u00e9sors anciens et des rues anim\u00e9es et b\u00e9n\u00e9ficie d&rsquo;une importance culturelle significative \u00e0 la Gr\u00e8ce car elle abrite des sites uniques du patrimoine, de l&rsquo;histoire, des ressources naturelles et des traditions. La Cr\u00e8te a aussi une exceptionnelle culture alimentaire avec des sp\u00e9cialit\u00e9s savoureuses comme la \u201ctiropita\u201d \u00e9quivalent du friand au fromage, les nouilles, le \u201ckokoretsi\u201d \u00e0 base d\u2019intestin gr\u00eale et d\u2019autres abats grill\u00e9s et les escargots faits au romarin tandis que les friandises sucr\u00e9es comprennent des tartes au fromage sucr\u00e9 (kallitsounia), des tartes au fromage avec du miel (\u201cSfakianopites\u201d) et p\u00e2tisseries d\u00e9licates (xerotigana). Le rythme de la Cr\u00e8te peut se trouver dans les coutumes traditionnelles, le sons des trois cordes de la lyre cr\u00e9toise et l&rsquo;une de ses nombreuses danses traditionnelles comme syrtos, pendozali et sousta. Les sites antiques de l&rsquo;\u00eele sont une grande attraction pour les amateurs d&rsquo;histoire puisque la l\u00e9gende de la civilisation minoenne vit toujours dans les ruines et dans d\u2019autres monuments culturels importants tels que le palais minoen de Knossos, le palais de Phaistos et le mus\u00e9e arch\u00e9ologique d&rsquo;H\u00e9raklion tandis que les vieilles villes de Chania, Rethymno et Heraklion sont parfaites pour des balades. Le meilleur moment pour visiter les plages de Cr\u00e8te est d&rsquo;Avril \u00e0 Octobre lorsque les plages de sable de l&rsquo;\u00eele attendent l\u2019arriv\u00e9e des vacanciers, des plagistes et des f\u00e9rus d&rsquo;aventure.<\/p>\n","protected":false},"excerpt":{"rendered":"<p>La Cr\u00e8te &#8211; l&rsquo;une des plus grandes \u00eeles de la mer M\u00e9diterran\u00e9enne et la plus grande de Gr\u00e8ce &#8211; attire des milliers de visiteurs venus de partout jour apr\u00e8s jour pour admirer son charme grec. La ligne coti\u00e8re de la&hellip;<\/p>\n","protected":false},"author":1,"featured_media":0,"parent":0,"menu_order":0,"comment_status":"closed","ping_status":"closed","template":"kobo\/location.php","meta":{"_acf_changed":false,"footnotes":""},"class_list":["post-2117","page","type-page","status-publish","hentry","entry","no-media"],"acf":[],"aioseo_notices":[],"_links":{"self":[{"href":"https:\/\/www.ikarosvillage.gr\/fr\/wp-json\/wp\/v2\/pages\/2117","targetHints":{"allow":["GET"]}}],"collection":[{"href":"https:\/\/www.ikarosvillage.gr\/fr\/wp-json\/wp\/v2\/pages"}],"about":[{"href":"https:\/\/www.ikarosvillage.gr\/fr\/wp-json\/wp\/v2\/types\/page"}],"author":[{"embeddable":true,"href":"https:\/\/www.ikarosvillage.gr\/fr\/wp-json\/wp\/v2\/users\/1"}],"replies":[{"embeddable":true,"href":"https:\/\/www.ikarosvillage.gr\/fr\/wp-json\/wp\/v2\/comments?post=2117"}],"version-history":[{"count":3,"href":"https:\/\/www.ikarosvillage.gr\/fr\/wp-json\/wp\/v2\/pages\/2117\/revisions"}],"predecessor-version":[{"id":4030,"href":"https:\/\/www.ikarosvillage.gr\/fr\/wp-json\/wp\/v2\/pages\/2117\/revisions\/4030"}],"wp:attachment":[{"href":"https:\/\/www.ikarosvillage.gr\/fr\/wp-json\/wp\/v2\/media?parent=2117"}],"curies":[{"name":"wp","href":"https:\/\/api.w.org\/{rel}","templated":true}]}}