{"id":2114,"date":"2023-06-08T09:16:21","date_gmt":"2023-06-08T07:16:21","guid":{"rendered":"https:\/\/lifethink.eu\/ikarosvillage\/dining\/"},"modified":"2025-08-15T09:50:59","modified_gmt":"2025-08-15T07:50:59","slug":"dining","status":"publish","type":"page","link":"https:\/\/www.ikarosvillage.gr\/fr\/dining\/","title":{"rendered":"D\u00eener"},"content":{"rendered":"<p>Les restaurants \u00e0 Ikaros Beach offrent aux clients des sp\u00e9cialit\u00e9s internationales avec une vue exceptionnelle sur la mer, une beaut\u00e9 in\u00e9gal\u00e9e et le plaisir de profiter de l&rsquo;hospitalit\u00e9 et la cuisine copieuse cr\u00e9toise de renomm\u00e9e mondiale. Une explosion de saveurs traditionnelles attendent vos papilles gr\u00e2ce aux meilleurs ingr\u00e9dients provenant du monde entier et aux produits locaux venant des fermes de Gr\u00e8ce qui sont magiquement transform\u00e9s en festins gastronomiques. Nos repas et notre carte de vins bien garnie vous satisferont autant que la nourriture et les collations faites sur commande avec des ingr\u00e9dients fra\u00ees. Dans tous nos restaurants, nos chefs peuvent r\u00e9pondre \u00e0 vos besoins alimentaires sur demande.<\/p>\n<p>Nous choisissons seulement les meilleurs ingredients haut de gamme pour garantir une exp\u00e9rience culinaire inoubliable. Nous allons au-del\u00e0 de vos attentes pour vous apporter un peu de tout avec certains des meilleurs vins de Gr\u00e8ce et du monde entier; avec nous, vous obtenez de la culture, de la tradition, de l&rsquo;hospitalit\u00e9 et des mets gastronomiques, le tout dans une assiette.<\/p>\n<p>Code vestimentaire pour le d\u00eener\u00a0: Tenue d\u00e9contract\u00e9e et \u00e9l\u00e9gante.<br \/>\nLes clients sont pri\u00e9s de ne pas porter de shorts, de pantalons de surv\u00eatement, de maillots de bain, de tongs, d&rsquo;articles d\u00e9nudant les \u00e9paules pour les hommes ou tout autre article susceptible d&rsquo;offenser.<br \/>\nL&rsquo;h\u00f4tel se r\u00e9serve le droit de refuser l&rsquo;entr\u00e9e \u00e0 toute personne jug\u00e9e inappropri\u00e9e dans un restaurant.<\/p>\n<p><em>Sur r\u00e9servation, nos clients tout compris peuvent satisfaire leur app\u00e9tit pour le d\u00eener dans certains de nos restaurants \u00e0 la carte une fois par s\u00e9jour, comme indiqu\u00e9 sur le forfait tout compris.<\/em><\/p>\n<p>&nbsp;<\/p>\n<p><a href=\"https:\/\/img.webhotelier.net\/templates\/621\/files\/2025%20IKAROS%20ALL%20INCLUSIVE.pdf\">All-Inclusive Concept!\u00a0<\/a><\/p>\n","protected":false},"excerpt":{"rendered":"<p>Les restaurants \u00e0 Ikaros Beach offrent aux clients des sp\u00e9cialit\u00e9s internationales avec une vue exceptionnelle sur la mer, une beaut\u00e9 in\u00e9gal\u00e9e et le plaisir de profiter de l&rsquo;hospitalit\u00e9 et la cuisine copieuse cr\u00e9toise de renomm\u00e9e mondiale. Une explosion de saveurs&hellip;<\/p>\n","protected":false},"author":1,"featured_media":0,"parent":0,"menu_order":0,"comment_status":"closed","ping_status":"closed","template":"kobo\/dining.php","meta":{"_acf_changed":false,"footnotes":""},"class_list":["post-2114","page","type-page","status-publish","hentry","entry","no-media"],"acf":[],"aioseo_notices":[],"_links":{"self":[{"href":"https:\/\/www.ikarosvillage.gr\/fr\/wp-json\/wp\/v2\/pages\/2114","targetHints":{"allow":["GET"]}}],"collection":[{"href":"https:\/\/www.ikarosvillage.gr\/fr\/wp-json\/wp\/v2\/pages"}],"about":[{"href":"https:\/\/www.ikarosvillage.gr\/fr\/wp-json\/wp\/v2\/types\/page"}],"author":[{"embeddable":true,"href":"https:\/\/www.ikarosvillage.gr\/fr\/wp-json\/wp\/v2\/users\/1"}],"replies":[{"embeddable":true,"href":"https:\/\/www.ikarosvillage.gr\/fr\/wp-json\/wp\/v2\/comments?post=2114"}],"version-history":[{"count":6,"href":"https:\/\/www.ikarosvillage.gr\/fr\/wp-json\/wp\/v2\/pages\/2114\/revisions"}],"predecessor-version":[{"id":4267,"href":"https:\/\/www.ikarosvillage.gr\/fr\/wp-json\/wp\/v2\/pages\/2114\/revisions\/4267"}],"wp:attachment":[{"href":"https:\/\/www.ikarosvillage.gr\/fr\/wp-json\/wp\/v2\/media?parent=2114"}],"curies":[{"name":"wp","href":"https:\/\/api.w.org\/{rel}","templated":true}]}}