{"id":2139,"date":"2021-06-02T12:11:46","date_gmt":"2021-06-02T10:11:46","guid":{"rendered":"https:\/\/lifethink.eu\/ikarosvillage\/home\/"},"modified":"2025-12-08T12:28:33","modified_gmt":"2025-12-08T10:28:33","slug":"home","status":"publish","type":"page","link":"https:\/\/www.ikarosvillage.gr\/de\/","title":{"rendered":"Startseite"},"content":{"rendered":"<p><span style=\"font-size: 18px; font-family: verdana, geneva, sans-serif;\">Wenn Sie sich nach einem erholsamen Urlaub sehnen, in dem Sie neue Kraft tanken, Ihre Seele baumeln lassen, Aktivit\u00e4ten genie\u00dfen und kulinarische K\u00f6stlichkeiten erleben oder einen romantischen Kurzurlaub verbringen k\u00f6nnen, dann ist das<strong> Ikaros Beach Luxury Resort &amp; Spa<\/strong> genau das Richtige f\u00fcr Sie. Unser exklusiv f\u00fcr Erwachsene gestaltetes Resort bietet Ihnen einen idyllischen Ort f\u00fcr einen unvergesslichen und erholsamen Urlaub. Die traumhafte Atmosph\u00e4re, der aufmerksame Service, die exzellente Ausstattung und die gelungene Verbindung von Tradition, Gastfreundschaft und eleganter Schlichtheit schaffen die perfekte Kulisse f\u00fcr Ihren Traumurlaub.<\/span><\/p>\n","protected":false},"excerpt":{"rendered":"<p>Wenn Sie sich nach einem erholsamen Urlaub sehnen, in dem Sie neue Kraft tanken, Ihre Seele baumeln lassen, Aktivit\u00e4ten genie\u00dfen und kulinarische K\u00f6stlichkeiten erleben oder einen romantischen Kurzurlaub verbringen k\u00f6nnen, dann ist das Ikaros Beach Luxury Resort &amp; Spa genau&hellip;<\/p>\n","protected":false},"author":1,"featured_media":0,"parent":0,"menu_order":0,"comment_status":"closed","ping_status":"closed","template":"kobo\/home.php","meta":{"_acf_changed":false,"footnotes":""},"class_list":["post-2139","page","type-page","status-publish","hentry","entry","no-media"],"acf":[],"aioseo_notices":[],"_links":{"self":[{"href":"https:\/\/www.ikarosvillage.gr\/de\/wp-json\/wp\/v2\/pages\/2139","targetHints":{"allow":["GET"]}}],"collection":[{"href":"https:\/\/www.ikarosvillage.gr\/de\/wp-json\/wp\/v2\/pages"}],"about":[{"href":"https:\/\/www.ikarosvillage.gr\/de\/wp-json\/wp\/v2\/types\/page"}],"author":[{"embeddable":true,"href":"https:\/\/www.ikarosvillage.gr\/de\/wp-json\/wp\/v2\/users\/1"}],"replies":[{"embeddable":true,"href":"https:\/\/www.ikarosvillage.gr\/de\/wp-json\/wp\/v2\/comments?post=2139"}],"version-history":[{"count":36,"href":"https:\/\/www.ikarosvillage.gr\/de\/wp-json\/wp\/v2\/pages\/2139\/revisions"}],"predecessor-version":[{"id":4396,"href":"https:\/\/www.ikarosvillage.gr\/de\/wp-json\/wp\/v2\/pages\/2139\/revisions\/4396"}],"wp:attachment":[{"href":"https:\/\/www.ikarosvillage.gr\/de\/wp-json\/wp\/v2\/media?parent=2139"}],"curies":[{"name":"wp","href":"https:\/\/api.w.org\/{rel}","templated":true}]}}