{"id":2118,"date":"2021-06-02T13:19:33","date_gmt":"2021-06-02T11:19:33","guid":{"rendered":"https:\/\/lifethink.eu\/ikarosvillage\/location\/"},"modified":"2025-04-26T12:36:01","modified_gmt":"2025-04-26T10:36:01","slug":"location","status":"publish","type":"page","link":"https:\/\/www.ikarosvillage.gr\/de\/location\/","title":{"rendered":"Standort"},"content":{"rendered":"<p>Kreta &#8211; eine der gr\u00f6\u00dften Inseln im Mittelmeer und die gr\u00f6\u00dfte in Griechenland &#8211; zieht Tausende von Besuchern aus nah und fern in ihrem griechischen Charme Tag f\u00fcr Tag an. Kretas K\u00fcstenarme erstrecken sich in mehr als tausend Kilometer L\u00e4nge, mit Str\u00e4nden eingeschmiegt in das kristallblaue Wasser des kretischen und Libyschen Meers, w\u00e4hrend die Landmasse in den vier Regionen von Heraklion, Lassithi, Rethymno und Chania unterteilt ist. Aufgrund der geographischen Lage der Insel und dem angenehm warmen Mittelmeerklima mit milden Wintern und wenig Schnee, was man nur in den Bergen begegnen kann, sind die T\u00e4ler und H\u00fcgel die landwirtschaftliche Heimat von Kretas K\u00fcchen, wie die reiche Produktion aus ihrem fruchtbaren Boden blutet. W\u00e4hrend Oliven, Feigen, Birnen, Mandeln, Kastanien, Johannisbrot und Zitrus zu der landwirtschaftlichen Wertsch\u00f6pfungskette des Landes z\u00e4hlen, ist Kreta auch die Heimat der Kastrios Blume, einer der 2000 Pflanzenarten auf der Insel, eine Blume, die nur auf Kreta w\u00e4chst und nirgendwo sonst.<\/p>\n<p>Kreta ist eine komplizierte Tapisserie der Natur, der alten Sch\u00e4tze und der belebten Stra\u00dfen und hat eine wichtige kulturelle Bedeutung f\u00fcr Griechenland, weil es die Heimat einzigartigen Kulturerbes, Geschichte, nat\u00fcrlicher Ressourcen und Traditionen ist. Kreta verf\u00fcgt auch \u00fcber eine au\u00dfergew\u00f6hnliche Esskultur mit salzigen Spezialit\u00e4ten wie K\u00e4se-gebackten Kuchen, Nudeln, Schweinefleisch Innereien und Schnecken mit Rosmarin gemacht, w\u00e4hrend zu den s\u00fc\u00dfen Leckereien, s\u00fc\u00dfer K\u00e4sekuchen (kallitsounia), Pfannkuchen mit Honig (sfakian pies) und zartes Geb\u00e4ck (xerotigana) z\u00e4hlen. Der Rhytmus von Kreta ist in den traditionellen Kost\u00fcmen, den T\u00f6nen der dreisaitigen kretischen Leier und in einem seiner vielen traditionellen T\u00e4nze wie syrtos, pendozalis und sousta vorzufinden. Die antiken St\u00e4tten der Insel stellen eine gro\u00dfe Attraktion f\u00fcr Geschichtsinteressierte dar, wie die alte Geschichte von der minoischen Kultur noch in den Ruinen lebt und in den anderen wichtigen Kulturg\u00fctern wie der minoische Palast von Knossos, der Phaistos Palace und das Arch\u00e4ologische Museum von Heraklion, w\u00e4hrend die alten St\u00e4dte von Chania, Rethymnon und Heraklion f\u00fcr den perfekten Spaziergang geeignet sind. Die beste Zeit, Kretas Str\u00e4nde zu besuchen ist von April bis Oktober, wenn die Sandk\u00fcsten der Insel auf die Urlauber, Sonnenanbeter und Abenteurer warten.<\/p>\n","protected":false},"excerpt":{"rendered":"<p>Kreta &#8211; eine der gr\u00f6\u00dften Inseln im Mittelmeer und die gr\u00f6\u00dfte in Griechenland &#8211; zieht Tausende von Besuchern aus nah und fern in ihrem griechischen Charme Tag f\u00fcr Tag an. Kretas K\u00fcstenarme erstrecken sich in mehr als tausend Kilometer L\u00e4nge,&hellip;<\/p>\n","protected":false},"author":1,"featured_media":0,"parent":0,"menu_order":0,"comment_status":"closed","ping_status":"closed","template":"kobo\/location.php","meta":{"_acf_changed":false,"footnotes":""},"class_list":["post-2118","page","type-page","status-publish","hentry","entry","no-media"],"acf":[],"aioseo_notices":[],"_links":{"self":[{"href":"https:\/\/www.ikarosvillage.gr\/de\/wp-json\/wp\/v2\/pages\/2118","targetHints":{"allow":["GET"]}}],"collection":[{"href":"https:\/\/www.ikarosvillage.gr\/de\/wp-json\/wp\/v2\/pages"}],"about":[{"href":"https:\/\/www.ikarosvillage.gr\/de\/wp-json\/wp\/v2\/types\/page"}],"author":[{"embeddable":true,"href":"https:\/\/www.ikarosvillage.gr\/de\/wp-json\/wp\/v2\/users\/1"}],"replies":[{"embeddable":true,"href":"https:\/\/www.ikarosvillage.gr\/de\/wp-json\/wp\/v2\/comments?post=2118"}],"version-history":[{"count":3,"href":"https:\/\/www.ikarosvillage.gr\/de\/wp-json\/wp\/v2\/pages\/2118\/revisions"}],"predecessor-version":[{"id":4029,"href":"https:\/\/www.ikarosvillage.gr\/de\/wp-json\/wp\/v2\/pages\/2118\/revisions\/4029"}],"wp:attachment":[{"href":"https:\/\/www.ikarosvillage.gr\/de\/wp-json\/wp\/v2\/media?parent=2118"}],"curies":[{"name":"wp","href":"https:\/\/api.w.org\/{rel}","templated":true}]}}