{"id":2115,"date":"2023-06-08T09:16:21","date_gmt":"2023-06-08T07:16:21","guid":{"rendered":"https:\/\/lifethink.eu\/ikarosvillage\/dining\/"},"modified":"2025-08-15T09:51:15","modified_gmt":"2025-08-15T07:51:15","slug":"dining","status":"publish","type":"page","link":"https:\/\/www.ikarosvillage.gr\/de\/dining\/","title":{"rendered":"Essen"},"content":{"rendered":"<p>Die Restaurants im Ikaros Beach bieten den G\u00e4sten internationale K\u00f6stlichkeiten mit hervorragendem Blick auf das Meer, unvergleichliche Sch\u00f6nheit und die Freude die weltbekannte Gastfreundschaft und die herzhafte K\u00fcche von Kreta zu genie\u00dfen.Eine Explosion von traditionellen Aromen wartet auf Ihre Geschmacksknospen, wo die besten Zutaten aus der ganzen Welt und heimische Produkte aus griechischen Farmen auf magische Weise in ein gastronomisches Festmahl umgewandelt werden.Unsere Mahlzeiten und die umfangreiche Weinkarte werden Sie zufrieden stellen, da die Gerichte und Snacks pro Bestellung mit frischen Zutaten hergestellt werden und unsere K\u00f6che in allen unseren Restaurants Ihre N\u00e4hrungsanforderungen auf Anfrage erf\u00fcllen k\u00f6nnen.<\/p>\n<p>Wir benutzen nur die besten und hochwertigsten Zutaten um ein unvergessliches kulinarisches Erlebnis zu gew\u00e4hrleisten. Wir gehen \u00fcber ihre Erwartungen hinaus, um Sie ein bisschen von allem mit einigen der besten Weine aus Griechenland und der ganzen Welt n\u00e4her zu bringen; Bei uns wird ihnen Kultur, Tradition, Gastfreundschaft und Gaumenfreuden, alles auf einer Platte, angeboten.<\/p>\n<p>Kleiderordnung zum Abendessen: Elegant und leger.<br \/>\nG\u00e4ste werden gebeten, auf das Tragen von Shorts, Trainingshosen, Badebekleidung, Flip-Flops, Kleidungsst\u00fccken mit freiliegenden Schultern (f\u00fcr M\u00e4nner) oder jeglicher Kleidung, die anst\u00f6\u00dfig sein k\u00f6nnte, zu verzichten.<br \/>\nDas Hotel beh\u00e4lt sich das Recht vor, Personen den Zutritt zu einem Restaurant zu verweigern, wenn diese als unangemessen erachtet werden.<\/p>\n<p><em>Nach der Buchung, k\u00f6nnen alle unsere Alles-inklusive-G\u00e4ste ihr Appetit auf Abendessen in einigen unseren a la carte Restaurants einmal pro Aufenthalt, wie es auf dem Alles-inklusive-Paket angegeben ist, befriedigen.<\/em><\/p>\n<p>&nbsp;<\/p>\n<p><a href=\"https:\/\/img.webhotelier.net\/templates\/621\/files\/2025%20IKAROS%20ALL%20INCLUSIVE.pdf\">All-Inclusive Concept!<\/a><\/p>\n","protected":false},"excerpt":{"rendered":"<p>Die Restaurants im Ikaros Beach bieten den G\u00e4sten internationale K\u00f6stlichkeiten mit hervorragendem Blick auf das Meer, unvergleichliche Sch\u00f6nheit und die Freude die weltbekannte Gastfreundschaft und die herzhafte K\u00fcche von Kreta zu genie\u00dfen.Eine Explosion von traditionellen Aromen wartet auf Ihre Geschmacksknospen,&hellip;<\/p>\n","protected":false},"author":1,"featured_media":0,"parent":0,"menu_order":0,"comment_status":"closed","ping_status":"closed","template":"kobo\/dining.php","meta":{"_acf_changed":false,"footnotes":""},"class_list":["post-2115","page","type-page","status-publish","hentry","entry","no-media"],"acf":[],"aioseo_notices":[],"_links":{"self":[{"href":"https:\/\/www.ikarosvillage.gr\/de\/wp-json\/wp\/v2\/pages\/2115","targetHints":{"allow":["GET"]}}],"collection":[{"href":"https:\/\/www.ikarosvillage.gr\/de\/wp-json\/wp\/v2\/pages"}],"about":[{"href":"https:\/\/www.ikarosvillage.gr\/de\/wp-json\/wp\/v2\/types\/page"}],"author":[{"embeddable":true,"href":"https:\/\/www.ikarosvillage.gr\/de\/wp-json\/wp\/v2\/users\/1"}],"replies":[{"embeddable":true,"href":"https:\/\/www.ikarosvillage.gr\/de\/wp-json\/wp\/v2\/comments?post=2115"}],"version-history":[{"count":5,"href":"https:\/\/www.ikarosvillage.gr\/de\/wp-json\/wp\/v2\/pages\/2115\/revisions"}],"predecessor-version":[{"id":4268,"href":"https:\/\/www.ikarosvillage.gr\/de\/wp-json\/wp\/v2\/pages\/2115\/revisions\/4268"}],"wp:attachment":[{"href":"https:\/\/www.ikarosvillage.gr\/de\/wp-json\/wp\/v2\/media?parent=2115"}],"curies":[{"name":"wp","href":"https:\/\/api.w.org\/{rel}","templated":true}]}}